{"id":136,"date":"2021-11-09T23:28:52","date_gmt":"2021-11-09T23:28:52","guid":{"rendered":"https:\/\/mbrmx.com\/?page_id=136"},"modified":"2025-06-30T10:26:16","modified_gmt":"2025-06-30T16:26:16","slug":"contactanos","status":"publish","type":"page","link":"https:\/\/mbrmx.com\/?page_id=136","title":{"rendered":"Cont\u00e1ctanos"},"content":{"rendered":"\t\t<div data-elementor-type=\"wp-page\" data-elementor-id=\"136\" class=\"elementor elementor-136\" data-elementor-post-type=\"page\">\n\t\t\t\t\t\t<section class=\"elementor-section elementor-top-section elementor-element elementor-element-1f764776 elementor-section-height-min-height elementor-section-boxed elementor-section-height-default elementor-section-items-middle\" data-id=\"1f764776\" data-element_type=\"section\" data-e-type=\"section\" data-settings=\"{&quot;background_background&quot;:&quot;classic&quot;,&quot;background_motion_fx_motion_fx_scrolling&quot;:&quot;yes&quot;,&quot;background_motion_fx_scale_effect&quot;:&quot;yes&quot;,&quot;background_motion_fx_scale_speed&quot;:{&quot;unit&quot;:&quot;px&quot;,&quot;size&quot;:&quot;1&quot;,&quot;sizes&quot;:[]},&quot;background_motion_fx_scale_direction&quot;:&quot;out-in&quot;,&quot;background_motion_fx_scale_range&quot;:{&quot;unit&quot;:&quot;%&quot;,&quot;size&quot;:&quot;&quot;,&quot;sizes&quot;:{&quot;start&quot;:20,&quot;end&quot;:80}},&quot;background_motion_fx_devices&quot;:[&quot;desktop&quot;,&quot;tablet&quot;,&quot;mobile&quot;]}\">\n\t\t\t\t\t\t<div class=\"elementor-container elementor-column-gap-default\">\n\t\t\t\t\t<div class=\"elementor-column elementor-col-100 elementor-top-column elementor-element elementor-element-15ba3656\" data-id=\"15ba3656\" data-element_type=\"column\" data-e-type=\"column\">\n\t\t\t<div class=\"elementor-widget-wrap elementor-element-populated\">\n\t\t\t\t\t\t<div class=\"elementor-element elementor-element-66c6deaa elementor-widget elementor-widget-heading\" data-id=\"66c6deaa\" data-element_type=\"widget\" data-e-type=\"widget\" data-widget_type=\"heading.default\">\n\t\t\t\t<div class=\"elementor-widget-container\">\n\t\t\t\t\t<h1 class=\"elementor-heading-title elementor-size-default\"><br><br>\u00a1Hola! Comun\u00edcate con nosotros, con gusto le atenderemos<\/h1>\t\t\t\t<\/div>\n\t\t\t\t<\/div>\n\t\t\t\t<section class=\"elementor-section elementor-inner-section elementor-element elementor-element-32ff3a37 elementor-section-full_width animated-slow elementor-section-height-default elementor-section-height-default elementor-invisible\" data-id=\"32ff3a37\" data-element_type=\"section\" data-e-type=\"section\" data-settings=\"{&quot;animation&quot;:&quot;fadeInUp&quot;}\">\n\t\t\t\t\t\t<div class=\"elementor-container elementor-column-gap-default\">\n\t\t\t\t\t<div class=\"elementor-column elementor-col-33 elementor-inner-column elementor-element elementor-element-1da66f56\" data-id=\"1da66f56\" data-element_type=\"column\" data-e-type=\"column\">\n\t\t\t<div class=\"elementor-widget-wrap elementor-element-populated\">\n\t\t\t\t\t\t<div class=\"elementor-element elementor-element-f4f4b0b elementor-widget elementor-widget-heading\" data-id=\"f4f4b0b\" data-element_type=\"widget\" data-e-type=\"widget\" data-widget_type=\"heading.default\">\n\t\t\t\t<div class=\"elementor-widget-container\">\n\t\t\t\t\t<h4 class=\"elementor-heading-title elementor-size-default\">gesti\u00f3n administrativa<\/h4>\t\t\t\t<\/div>\n\t\t\t\t<\/div>\n\t\t\t\t<div class=\"elementor-element elementor-element-3e8cdb5a elementor-widget elementor-widget-text-editor\" data-id=\"3e8cdb5a\" data-element_type=\"widget\" data-e-type=\"widget\" data-widget_type=\"text-editor.default\">\n\t\t\t\t<div class=\"elementor-widget-container\">\n\t\t\t\t\t\t\t\t\t<p style=\"text-align: left;\"><strong><span style=\"vertical-align: inherit;\"><span style=\"vertical-align: inherit;\"><span style=\"vertical-align: inherit;\"><span class=\"\" style=\"vertical-align: inherit;\">LMNI. Gicelly Rodr\u00edguez Osorio<\/span><\/span><\/span><\/span><\/strong><span style=\"vertical-align: inherit;\"><span style=\"vertical-align: inherit;\"><span style=\"vertical-align: inherit;\"><span class=\"\" style=\"vertical-align: inherit;\">\u00a0 Administraci\u00f3n y atenci\u00f3n al cliente <\/span><\/span><\/span><\/span><a href=\"https:\/\/api.whatsapp.com\/send?phone=529996405149&amp;text=%C2%BFMe%20podr%C3%ADa%20enviar%20informaci%C3%B3n%20de%20sus%20productos?\"><b><span style=\"vertical-align: inherit;\"><span style=\"vertical-align: inherit;\"><span style=\"vertical-align: inherit;\"><span style=\"vertical-align: inherit;\"><span style=\"vertical-align: inherit;\"><span class=\"\" style=\"vertical-align: inherit;\">Whatsapp: (999)3 10 08 55\u00a0 \u00a0 \u00a0 \u00a0 \u00a0 \u00a0 \u00a0 \u00a0 \u00a0 \u00a0<\/span><\/span><\/span><\/span><\/span><\/span><\/b><\/a><span style=\"vertical-align: inherit;\"><span style=\"vertical-align: inherit;\"><span style=\"vertical-align: inherit;\"><span style=\"vertical-align: inherit;\"><span style=\"vertical-align: inherit;\"><span class=\"\" style=\"vertical-align: inherit;\">Correo electr\u00f3nico: administraci\u00f3n@mbrmx.com<\/span><\/span><\/span><\/span><\/span><\/span><br \/><span style=\"vertical-align: inherit;\"><span style=\"vertical-align: inherit;\"><span style=\"vertical-align: inherit;\"><span style=\"vertical-align: inherit;\"><span style=\"vertical-align: inherit;\"><span class=\"\" style=\"vertical-align: inherit;\">Atenci\u00f3n: Lun-Vie de 8:30 -18:30<\/span><\/span><\/span><\/span><\/span><\/span><\/p>\t\t\t\t\t\t\t\t<\/div>\n\t\t\t\t<\/div>\n\t\t\t\t\t<\/div>\n\t\t<\/div>\n\t\t\t\t<div class=\"elementor-column elementor-col-33 elementor-inner-column elementor-element elementor-element-3c3ebdfd\" data-id=\"3c3ebdfd\" data-element_type=\"column\" data-e-type=\"column\">\n\t\t\t<div class=\"elementor-widget-wrap elementor-element-populated\">\n\t\t\t\t\t\t<div class=\"elementor-element elementor-element-5f49603a elementor-widget elementor-widget-heading\" data-id=\"5f49603a\" data-element_type=\"widget\" data-e-type=\"widget\" data-widget_type=\"heading.default\">\n\t\t\t\t<div class=\"elementor-widget-container\">\n\t\t\t\t\t<h4 class=\"elementor-heading-title elementor-size-default\">Consultor\u00eda t\u00e9cnica <\/h4>\t\t\t\t<\/div>\n\t\t\t\t<\/div>\n\t\t\t\t<div class=\"elementor-element elementor-element-25029056 elementor-widget elementor-widget-text-editor\" data-id=\"25029056\" data-element_type=\"widget\" data-e-type=\"widget\" data-widget_type=\"text-editor.default\">\n\t\t\t\t<div class=\"elementor-widget-container\">\n\t\t\t\t\t\t\t\t\t<p style=\"text-align: left;\"><strong><span style=\"vertical-align: inherit;\"><span class=\"\" style=\"vertical-align: inherit;\"><span style=\"vertical-align: inherit;\"><span style=\"vertical-align: inherit;\"><span style=\"vertical-align: inherit;\"><span style=\"vertical-align: inherit;\"><span style=\"vertical-align: inherit;\"><span class=\"\" style=\"vertical-align: inherit;\"><span style=\"vertical-align: inherit;\"><span style=\"vertical-align: inherit;\"><span style=\"vertical-align: inherit;\"><span style=\"vertical-align: inherit;\">ING: Rodrigo Manuel L\u00f3pez \u00c1vila\u00a0 \u00a0 \u00a0 \u00a0 \u00a0 \u00a0 <\/span><\/span><\/span><\/span><\/span><\/span><\/span><\/span><\/span><\/span><\/span><\/span><\/strong><span style=\"vertical-align: inherit;\"><span class=\"\" style=\"vertical-align: inherit;\"><span style=\"vertical-align: inherit;\"><span style=\"vertical-align: inherit;\"><span style=\"vertical-align: inherit;\"><span style=\"vertical-align: inherit;\"><span style=\"vertical-align: inherit;\"><span style=\"vertical-align: inherit;\"><span style=\"vertical-align: inherit;\"><span style=\"vertical-align: inherit;\">Gesti\u00f3n de proyectos y asesor\u00eda t\u00e9cnica\u00a0 \u00a0 <\/span><\/span><\/span><\/span><\/span><\/span><\/span><\/span><\/span><\/span><strong><a href=\"https:\/\/api.whatsapp.com\/send?phone=529992345850&amp;text=%C2%BFMe%20podr%C3%ADa%20enviar%20informaci%C3%B3n%20de%20sus%20productos?\"><span style=\"vertical-align: inherit;\"><span style=\"vertical-align: inherit;\"><span style=\"vertical-align: inherit;\"><span class=\"\" style=\"vertical-align: inherit;\"><span style=\"vertical-align: inherit;\"><span style=\"vertical-align: inherit;\"><span style=\"vertical-align: inherit;\"><span style=\"vertical-align: inherit;\"><span style=\"vertical-align: inherit;\"><span style=\"vertical-align: inherit;\"><span style=\"vertical-align: inherit;\"><span style=\"vertical-align: inherit;\">Whatsapp: (999)2 34 58 50<\/span><\/span><\/span><\/span><\/span><\/span><\/span><\/span><\/span><\/span><\/span><\/span><\/a><\/strong><br \/><span style=\"vertical-align: inherit;\"><span style=\"vertical-align: inherit;\"><span style=\"vertical-align: inherit;\"><span class=\"\" style=\"vertical-align: inherit;\"><span style=\"vertical-align: inherit;\"><span style=\"vertical-align: inherit;\"><span style=\"vertical-align: inherit;\"><span style=\"vertical-align: inherit;\"><span style=\"vertical-align: inherit;\"><span style=\"vertical-align: inherit;\"><span style=\"vertical-align: inherit;\"><span style=\"vertical-align: inherit;\"> Correo electr\u00f3nico: rodrigo@mbrmx.com<\/span><\/span><\/span><\/span><\/span><\/span><\/span><\/span><\/span><\/span><\/span><\/span><br \/><span style=\"vertical-align: inherit;\"><span style=\"vertical-align: inherit;\"><span style=\"vertical-align: inherit;\"><span class=\"\" style=\"vertical-align: inherit;\"><span style=\"vertical-align: inherit;\"><span style=\"vertical-align: inherit;\"><span style=\"vertical-align: inherit;\"><span style=\"vertical-align: inherit;\"><span style=\"vertical-align: inherit;\"><span style=\"vertical-align: inherit;\"><span style=\"vertical-align: inherit;\"><span style=\"vertical-align: inherit;\">Atenci\u00f3n: Lun-S\u00e1b de 8:30-17:30<\/span><\/span><\/span><\/span><\/span><\/span><\/span><\/span><\/span><\/span><\/span><\/span><\/p>\t\t\t\t\t\t\t\t<\/div>\n\t\t\t\t<\/div>\n\t\t\t\t\t<\/div>\n\t\t<\/div>\n\t\t\t\t<div class=\"elementor-column elementor-col-33 elementor-inner-column elementor-element elementor-element-3bb4659e\" data-id=\"3bb4659e\" data-element_type=\"column\" data-e-type=\"column\">\n\t\t\t<div class=\"elementor-widget-wrap elementor-element-populated\">\n\t\t\t\t\t\t<div class=\"elementor-element elementor-element-3ec1ea00 elementor-widget elementor-widget-heading\" data-id=\"3ec1ea00\" data-element_type=\"widget\" data-e-type=\"widget\" data-widget_type=\"heading.default\">\n\t\t\t\t<div class=\"elementor-widget-container\">\n\t\t\t\t\t<h4 class=\"elementor-heading-title elementor-size-default\">OFICINA CENTRAL<\/h4>\t\t\t\t<\/div>\n\t\t\t\t<\/div>\n\t\t\t\t<div class=\"elementor-element elementor-element-2ec9ec70 elementor-widget elementor-widget-text-editor\" data-id=\"2ec9ec70\" data-element_type=\"widget\" data-e-type=\"widget\" data-widget_type=\"text-editor.default\">\n\t\t\t\t<div class=\"elementor-widget-container\">\n\t\t\t\t\t\t\t\t\t<p><span style=\"vertical-align: inherit;\"><span style=\"vertical-align: inherit;\"><span style=\"vertical-align: inherit;\"><span style=\"vertical-align: inherit;\"><span style=\"vertical-align: inherit;\"><span style=\"vertical-align: inherit;\"><span style=\"vertical-align: inherit;\"><span style=\"vertical-align: inherit;\"><span style=\"vertical-align: inherit;\"><span style=\"vertical-align: inherit;\">Tel\u00e9fono fijo: (999)6 40 51 49<\/span><\/span><\/span><\/span><\/span><\/span><\/span><\/span><\/span><\/span><br \/><span style=\"vertical-align: inherit;\"><span style=\"vertical-align: inherit;\"><span style=\"vertical-align: inherit;\"><span style=\"vertical-align: inherit;\"><span style=\"vertical-align: inherit;\"><span style=\"vertical-align: inherit;\"><span style=\"vertical-align: inherit;\"><span style=\"vertical-align: inherit;\"><span style=\"vertical-align: inherit;\"><span style=\"vertical-align: inherit;\">Direcci\u00f3n: Calle 47\u00a0 No. 212 x 20 y 43 Diagonal, Fraccionamiento Brisas C\u00f3digo postal: 97144 M\u00e9rida, Yucat\u00e1n<\/span><\/span><\/span><\/span><\/span><\/span><\/span><\/span><\/span><\/span><br \/><span style=\"vertical-align: inherit;\"><span style=\"vertical-align: inherit;\"><span style=\"vertical-align: inherit;\"><span style=\"vertical-align: inherit;\"><span style=\"vertical-align: inherit;\"><span style=\"vertical-align: inherit;\"><span style=\"vertical-align: inherit;\"><span style=\"vertical-align: inherit;\"><span style=\"vertical-align: inherit;\"><span style=\"vertical-align: inherit;\">Horario de oficina: Lun-Vie 8:30-18:30<\/span><\/span><\/span><\/span><\/span><\/span><\/span><\/span><\/span><\/span><\/p>\t\t\t\t\t\t\t\t<\/div>\n\t\t\t\t<\/div>\n\t\t\t\t\t<\/div>\n\t\t<\/div>\n\t\t\t\t\t<\/div>\n\t\t<\/section>\n\t\t\t\t\t<\/div>\n\t\t<\/div>\n\t\t\t\t\t<\/div>\n\t\t<\/section>\n\t\t\t\t<\/div>\n\t\t","protected":false},"excerpt":{"rendered":"<p>\u00a1Hola! Comun\u00edcate con nosotros, con gusto le atenderemos gesti\u00f3n administrativa LMNI. Gicelly Rodr\u00edguez Osorio\u00a0 Administraci\u00f3n y atenci\u00f3n al cliente Whatsapp: (999)3 10 08 55\u00a0 \u00a0 \u00a0 \u00a0 \u00a0 \u00a0 \u00a0 \u00a0 \u00a0 \u00a0Correo electr\u00f3nico: administraci\u00f3n@mbrmx.comAtenci\u00f3n: Lun-Vie de 8:30 -18:30 Consultor\u00eda t\u00e9cnica ING: Rodrigo Manuel L\u00f3pez \u00c1vila\u00a0 \u00a0 \u00a0 \u00a0 \u00a0 \u00a0 Gesti\u00f3n de proyectos y &#8230; <a title=\"Cont\u00e1ctanos\" class=\"read-more\" href=\"https:\/\/mbrmx.com\/?page_id=136\" aria-label=\"Read more about Cont\u00e1ctanos\">Read more<\/a><\/p>\n","protected":false},"author":1,"featured_media":0,"parent":0,"menu_order":0,"comment_status":"closed","ping_status":"closed","template":"elementor_header_footer","meta":{"footnotes":""},"class_list":["post-136","page","type-page","status-publish"],"yoast_head":"<!-- This site is optimized with the Yoast SEO plugin v27.5 - https:\/\/yoast.com\/product\/yoast-seo-wordpress\/ -->\n<title>Cont\u00e1ctanos - MBRmx<\/title>\n<meta name=\"robots\" content=\"index, follow, max-snippet:-1, max-image-preview:large, max-video-preview:-1\" \/>\n<link rel=\"canonical\" href=\"https:\/\/mbrmx.com\/?page_id=136\" \/>\n<meta property=\"og:locale\" content=\"en_US\" \/>\n<meta property=\"og:type\" content=\"article\" \/>\n<meta property=\"og:title\" content=\"Cont\u00e1ctanos - MBRmx\" \/>\n<meta property=\"og:description\" content=\"\u00a1Hola! Comun\u00edcate con nosotros, con gusto le atenderemos gesti\u00f3n administrativa LMNI. Gicelly Rodr\u00edguez Osorio\u00a0 Administraci\u00f3n y atenci\u00f3n al cliente Whatsapp: (999)3 10 08 55\u00a0 \u00a0 \u00a0 \u00a0 \u00a0 \u00a0 \u00a0 \u00a0 \u00a0 \u00a0Correo electr\u00f3nico: administraci\u00f3n@mbrmx.comAtenci\u00f3n: Lun-Vie de 8:30 -18:30 Consultor\u00eda t\u00e9cnica ING: Rodrigo Manuel L\u00f3pez \u00c1vila\u00a0 \u00a0 \u00a0 \u00a0 \u00a0 \u00a0 Gesti\u00f3n de proyectos y ... Read more\" \/>\n<meta property=\"og:url\" content=\"https:\/\/mbrmx.com\/?page_id=136\" \/>\n<meta property=\"og:site_name\" content=\"MBRmx\" \/>\n<meta property=\"article:modified_time\" content=\"2025-06-30T16:26:16+00:00\" \/>\n<meta name=\"twitter:card\" content=\"summary_large_image\" \/>\n<meta name=\"twitter:label1\" content=\"Est. reading time\" \/>\n\t<meta name=\"twitter:data1\" content=\"1 minute\" \/>\n<script type=\"application\/ld+json\" class=\"yoast-schema-graph\">{\"@context\":\"https:\\\/\\\/schema.org\",\"@graph\":[{\"@type\":\"WebPage\",\"@id\":\"https:\\\/\\\/mbrmx.com\\\/?page_id=136\",\"url\":\"https:\\\/\\\/mbrmx.com\\\/?page_id=136\",\"name\":\"Cont\u00e1ctanos - MBRmx\",\"isPartOf\":{\"@id\":\"https:\\\/\\\/mbrmx.com\\\/#website\"},\"datePublished\":\"2021-11-09T23:28:52+00:00\",\"dateModified\":\"2025-06-30T16:26:16+00:00\",\"breadcrumb\":{\"@id\":\"https:\\\/\\\/mbrmx.com\\\/?page_id=136#breadcrumb\"},\"inLanguage\":\"en-US\",\"potentialAction\":[{\"@type\":\"ReadAction\",\"target\":[\"https:\\\/\\\/mbrmx.com\\\/?page_id=136\"]}]},{\"@type\":\"BreadcrumbList\",\"@id\":\"https:\\\/\\\/mbrmx.com\\\/?page_id=136#breadcrumb\",\"itemListElement\":[{\"@type\":\"ListItem\",\"position\":1,\"name\":\"Portada\",\"item\":\"https:\\\/\\\/mbrmx.com\\\/\"},{\"@type\":\"ListItem\",\"position\":2,\"name\":\"Cont\u00e1ctanos\"}]},{\"@type\":\"WebSite\",\"@id\":\"https:\\\/\\\/mbrmx.com\\\/#website\",\"url\":\"https:\\\/\\\/mbrmx.com\\\/\",\"name\":\"MBRmx\",\"description\":\"Reactores prefabricados - Tratamiento de aguas residuales\",\"publisher\":{\"@id\":\"https:\\\/\\\/mbrmx.com\\\/#organization\"},\"potentialAction\":[{\"@type\":\"SearchAction\",\"target\":{\"@type\":\"EntryPoint\",\"urlTemplate\":\"https:\\\/\\\/mbrmx.com\\\/?s={search_term_string}\"},\"query-input\":{\"@type\":\"PropertyValueSpecification\",\"valueRequired\":true,\"valueName\":\"search_term_string\"}}],\"inLanguage\":\"en-US\"},{\"@type\":\"Organization\",\"@id\":\"https:\\\/\\\/mbrmx.com\\\/#organization\",\"name\":\"MBRmx\",\"url\":\"https:\\\/\\\/mbrmx.com\\\/\",\"logo\":{\"@type\":\"ImageObject\",\"inLanguage\":\"en-US\",\"@id\":\"https:\\\/\\\/mbrmx.com\\\/#\\\/schema\\\/logo\\\/image\\\/\",\"url\":\"https:\\\/\\\/mbrmx.com\\\/wp-content\\\/uploads\\\/2021\\\/11\\\/MBR-MX_Mesa-de-trabajo-1.png\",\"contentUrl\":\"https:\\\/\\\/mbrmx.com\\\/wp-content\\\/uploads\\\/2021\\\/11\\\/MBR-MX_Mesa-de-trabajo-1.png\",\"width\":3300,\"height\":1014,\"caption\":\"MBRmx\"},\"image\":{\"@id\":\"https:\\\/\\\/mbrmx.com\\\/#\\\/schema\\\/logo\\\/image\\\/\"}}]}<\/script>\n<!-- \/ Yoast SEO plugin. -->","yoast_head_json":{"title":"Cont\u00e1ctanos - MBRmx","robots":{"index":"index","follow":"follow","max-snippet":"max-snippet:-1","max-image-preview":"max-image-preview:large","max-video-preview":"max-video-preview:-1"},"canonical":"https:\/\/mbrmx.com\/?page_id=136","og_locale":"en_US","og_type":"article","og_title":"Cont\u00e1ctanos - MBRmx","og_description":"\u00a1Hola! Comun\u00edcate con nosotros, con gusto le atenderemos gesti\u00f3n administrativa LMNI. Gicelly Rodr\u00edguez Osorio\u00a0 Administraci\u00f3n y atenci\u00f3n al cliente Whatsapp: (999)3 10 08 55\u00a0 \u00a0 \u00a0 \u00a0 \u00a0 \u00a0 \u00a0 \u00a0 \u00a0 \u00a0Correo electr\u00f3nico: administraci\u00f3n@mbrmx.comAtenci\u00f3n: Lun-Vie de 8:30 -18:30 Consultor\u00eda t\u00e9cnica ING: Rodrigo Manuel L\u00f3pez \u00c1vila\u00a0 \u00a0 \u00a0 \u00a0 \u00a0 \u00a0 Gesti\u00f3n de proyectos y ... Read more","og_url":"https:\/\/mbrmx.com\/?page_id=136","og_site_name":"MBRmx","article_modified_time":"2025-06-30T16:26:16+00:00","twitter_card":"summary_large_image","twitter_misc":{"Est. reading time":"1 minute"},"schema":{"@context":"https:\/\/schema.org","@graph":[{"@type":"WebPage","@id":"https:\/\/mbrmx.com\/?page_id=136","url":"https:\/\/mbrmx.com\/?page_id=136","name":"Cont\u00e1ctanos - MBRmx","isPartOf":{"@id":"https:\/\/mbrmx.com\/#website"},"datePublished":"2021-11-09T23:28:52+00:00","dateModified":"2025-06-30T16:26:16+00:00","breadcrumb":{"@id":"https:\/\/mbrmx.com\/?page_id=136#breadcrumb"},"inLanguage":"en-US","potentialAction":[{"@type":"ReadAction","target":["https:\/\/mbrmx.com\/?page_id=136"]}]},{"@type":"BreadcrumbList","@id":"https:\/\/mbrmx.com\/?page_id=136#breadcrumb","itemListElement":[{"@type":"ListItem","position":1,"name":"Portada","item":"https:\/\/mbrmx.com\/"},{"@type":"ListItem","position":2,"name":"Cont\u00e1ctanos"}]},{"@type":"WebSite","@id":"https:\/\/mbrmx.com\/#website","url":"https:\/\/mbrmx.com\/","name":"MBRmx","description":"Reactores prefabricados - Tratamiento de aguas residuales","publisher":{"@id":"https:\/\/mbrmx.com\/#organization"},"potentialAction":[{"@type":"SearchAction","target":{"@type":"EntryPoint","urlTemplate":"https:\/\/mbrmx.com\/?s={search_term_string}"},"query-input":{"@type":"PropertyValueSpecification","valueRequired":true,"valueName":"search_term_string"}}],"inLanguage":"en-US"},{"@type":"Organization","@id":"https:\/\/mbrmx.com\/#organization","name":"MBRmx","url":"https:\/\/mbrmx.com\/","logo":{"@type":"ImageObject","inLanguage":"en-US","@id":"https:\/\/mbrmx.com\/#\/schema\/logo\/image\/","url":"https:\/\/mbrmx.com\/wp-content\/uploads\/2021\/11\/MBR-MX_Mesa-de-trabajo-1.png","contentUrl":"https:\/\/mbrmx.com\/wp-content\/uploads\/2021\/11\/MBR-MX_Mesa-de-trabajo-1.png","width":3300,"height":1014,"caption":"MBRmx"},"image":{"@id":"https:\/\/mbrmx.com\/#\/schema\/logo\/image\/"}}]}},"_links":{"self":[{"href":"https:\/\/mbrmx.com\/index.php?rest_route=\/wp\/v2\/pages\/136","targetHints":{"allow":["GET"]}}],"collection":[{"href":"https:\/\/mbrmx.com\/index.php?rest_route=\/wp\/v2\/pages"}],"about":[{"href":"https:\/\/mbrmx.com\/index.php?rest_route=\/wp\/v2\/types\/page"}],"author":[{"embeddable":true,"href":"https:\/\/mbrmx.com\/index.php?rest_route=\/wp\/v2\/users\/1"}],"replies":[{"embeddable":true,"href":"https:\/\/mbrmx.com\/index.php?rest_route=%2Fwp%2Fv2%2Fcomments&post=136"}],"version-history":[{"count":90,"href":"https:\/\/mbrmx.com\/index.php?rest_route=\/wp\/v2\/pages\/136\/revisions"}],"predecessor-version":[{"id":2595,"href":"https:\/\/mbrmx.com\/index.php?rest_route=\/wp\/v2\/pages\/136\/revisions\/2595"}],"wp:attachment":[{"href":"https:\/\/mbrmx.com\/index.php?rest_route=%2Fwp%2Fv2%2Fmedia&parent=136"}],"curies":[{"name":"wp","href":"https:\/\/api.w.org\/{rel}","templated":true}]}}