{"id":2146,"date":"2024-12-18T12:00:48","date_gmt":"2024-12-18T18:00:48","guid":{"rendered":"https:\/\/mbrmx.com\/?page_id=2146"},"modified":"2025-01-02T21:11:58","modified_gmt":"2025-01-03T03:11:58","slug":"cribado","status":"publish","type":"page","link":"https:\/\/mbrmx.com\/?page_id=2146","title":{"rendered":"Cribado"},"content":{"rendered":"\t\t<div data-elementor-type=\"wp-page\" data-elementor-id=\"2146\" class=\"elementor elementor-2146\" data-elementor-post-type=\"page\">\n\t\t\t\t\t\t<section class=\"elementor-section elementor-top-section elementor-element elementor-element-8b550a8 elementor-section-boxed elementor-section-height-default elementor-section-height-default\" data-id=\"8b550a8\" data-element_type=\"section\" data-e-type=\"section\">\n\t\t\t\t\t\t<div class=\"elementor-container elementor-column-gap-default\">\n\t\t\t\t\t<div class=\"elementor-column elementor-col-100 elementor-top-column elementor-element elementor-element-e91ccd1\" data-id=\"e91ccd1\" data-element_type=\"column\" data-e-type=\"column\">\n\t\t\t<div class=\"elementor-widget-wrap elementor-element-populated\">\n\t\t\t\t\t\t<div class=\"elementor-element elementor-element-e482e26 elementor-widget elementor-widget-heading\" data-id=\"e482e26\" data-element_type=\"widget\" data-e-type=\"widget\" data-widget_type=\"heading.default\">\n\t\t\t\t<div class=\"elementor-widget-container\">\n\t\t\t\t\t<h2 class=\"elementor-heading-title elementor-size-default\">Cribado<\/h2>\t\t\t\t<\/div>\n\t\t\t\t<\/div>\n\t\t\t\t\t<\/div>\n\t\t<\/div>\n\t\t\t\t\t<\/div>\n\t\t<\/section>\n\t\t\t\t<section class=\"elementor-section elementor-top-section elementor-element elementor-element-2890676 elementor-section-boxed elementor-section-height-default elementor-section-height-default\" data-id=\"2890676\" data-element_type=\"section\" data-e-type=\"section\">\n\t\t\t\t\t\t<div class=\"elementor-container elementor-column-gap-default\">\n\t\t\t\t\t<div class=\"elementor-column elementor-col-100 elementor-top-column elementor-element elementor-element-1bc8b37\" data-id=\"1bc8b37\" data-element_type=\"column\" data-e-type=\"column\">\n\t\t\t<div class=\"elementor-widget-wrap elementor-element-populated\">\n\t\t\t\t\t\t<div class=\"elementor-element elementor-element-d3a07a3 elementor-widget elementor-widget-video\" data-id=\"d3a07a3\" data-element_type=\"widget\" data-e-type=\"widget\" data-settings=\"{&quot;youtube_url&quot;:&quot;https:\\\/\\\/www.youtube.com\\\/watch?v=XHOmBV4js_E&quot;,&quot;video_type&quot;:&quot;youtube&quot;,&quot;controls&quot;:&quot;yes&quot;}\" data-widget_type=\"video.default\">\n\t\t\t\t<div class=\"elementor-widget-container\">\n\t\t\t\t\t\t\t<div class=\"elementor-wrapper elementor-open-inline\">\n\t\t\t<div class=\"elementor-video\"><\/div>\t\t<\/div>\n\t\t\t\t\t\t<\/div>\n\t\t\t\t<\/div>\n\t\t\t\t\t<\/div>\n\t\t<\/div>\n\t\t\t\t\t<\/div>\n\t\t<\/section>\n\t\t\t\t<section class=\"elementor-section elementor-top-section elementor-element elementor-element-7b9dcd0 elementor-section-boxed elementor-section-height-default elementor-section-height-default\" data-id=\"7b9dcd0\" data-element_type=\"section\" data-e-type=\"section\">\n\t\t\t\t\t\t<div class=\"elementor-container elementor-column-gap-default\">\n\t\t\t\t\t<div class=\"elementor-column elementor-col-100 elementor-top-column elementor-element elementor-element-faabb55\" data-id=\"faabb55\" data-element_type=\"column\" data-e-type=\"column\">\n\t\t\t<div class=\"elementor-widget-wrap elementor-element-populated\">\n\t\t\t\t\t\t<div class=\"elementor-element elementor-element-3ba3e84 elementor-widget elementor-widget-text-editor\" data-id=\"3ba3e84\" data-element_type=\"widget\" data-e-type=\"widget\" data-widget_type=\"text-editor.default\">\n\t\t\t\t<div class=\"elementor-widget-container\">\n\t\t\t\t\t\t\t\t\t<p><span style=\"vertical-align: inherit;\"><span style=\"vertical-align: inherit;\">El cliente es muy importante, el cliente ser\u00e1 seguido por el cliente. Como la tierra de la tierra, el luto ni el corporal de la tierra, la almohada del le\u00f3n.<\/span><\/span><\/p>\t\t\t\t\t\t\t\t<\/div>\n\t\t\t\t<\/div>\n\t\t\t\t\t<\/div>\n\t\t<\/div>\n\t\t\t\t\t<\/div>\n\t\t<\/section>\n\t\t\t\t<section class=\"elementor-section elementor-top-section elementor-element elementor-element-f0c808b elementor-section-boxed elementor-section-height-default elementor-section-height-default\" data-id=\"f0c808b\" data-element_type=\"section\" data-e-type=\"section\">\n\t\t\t\t\t\t<div class=\"elementor-container elementor-column-gap-default\">\n\t\t\t\t\t<div class=\"elementor-column elementor-col-33 elementor-top-column elementor-element elementor-element-432f384\" data-id=\"432f384\" data-element_type=\"column\" data-e-type=\"column\">\n\t\t\t<div class=\"elementor-widget-wrap elementor-element-populated\">\n\t\t\t\t\t\t<div class=\"elementor-element elementor-element-bd38aa5 elementor-widget elementor-widget-image\" data-id=\"bd38aa5\" data-element_type=\"widget\" data-e-type=\"widget\" data-widget_type=\"image.default\">\n\t\t\t\t<div class=\"elementor-widget-container\">\n\t\t\t\t\t\t\t\t\t\t\t\t\t\t\t<img decoding=\"async\" src=\"https:\/\/mbrmx.com\/wp-content\/plugins\/elementor\/assets\/images\/placeholder.png\" title=\"\" alt=\"\" loading=\"lazy\" \/>\t\t\t\t\t\t\t\t\t\t\t\t\t\t\t<\/div>\n\t\t\t\t<\/div>\n\t\t\t\t<div class=\"elementor-element elementor-element-28b806b elementor-align-center elementor-widget elementor-widget-button\" data-id=\"28b806b\" data-element_type=\"widget\" data-e-type=\"widget\" data-widget_type=\"button.default\">\n\t\t\t\t<div class=\"elementor-widget-container\">\n\t\t\t\t\t\t\t\t\t<div class=\"elementor-button-wrapper\">\n\t\t\t\t\t<a class=\"elementor-button elementor-button-link elementor-size-sm\" href=\"#\">\n\t\t\t\t\t\t<span class=\"elementor-button-content-wrapper\">\n\t\t\t\t\t\t\t\t\t<span class=\"elementor-button-text\">Click here<\/span>\n\t\t\t\t\t<\/span>\n\t\t\t\t\t<\/a>\n\t\t\t\t<\/div>\n\t\t\t\t\t\t\t\t<\/div>\n\t\t\t\t<\/div>\n\t\t\t\t\t<\/div>\n\t\t<\/div>\n\t\t\t\t<div class=\"elementor-column elementor-col-33 elementor-top-column elementor-element elementor-element-194f72f\" data-id=\"194f72f\" data-element_type=\"column\" data-e-type=\"column\">\n\t\t\t<div class=\"elementor-widget-wrap elementor-element-populated\">\n\t\t\t\t\t\t<div class=\"elementor-element elementor-element-57f456c elementor-widget elementor-widget-image\" data-id=\"57f456c\" data-element_type=\"widget\" data-e-type=\"widget\" data-widget_type=\"image.default\">\n\t\t\t\t<div class=\"elementor-widget-container\">\n\t\t\t\t\t\t\t\t\t\t\t\t\t\t\t<img decoding=\"async\" src=\"https:\/\/mbrmx.com\/wp-content\/plugins\/elementor\/assets\/images\/placeholder.png\" title=\"\" alt=\"\" loading=\"lazy\" \/>\t\t\t\t\t\t\t\t\t\t\t\t\t\t\t<\/div>\n\t\t\t\t<\/div>\n\t\t\t\t<div class=\"elementor-element elementor-element-dadac8d elementor-align-center elementor-widget elementor-widget-button\" data-id=\"dadac8d\" data-element_type=\"widget\" data-e-type=\"widget\" data-widget_type=\"button.default\">\n\t\t\t\t<div class=\"elementor-widget-container\">\n\t\t\t\t\t\t\t\t\t<div class=\"elementor-button-wrapper\">\n\t\t\t\t\t<a class=\"elementor-button elementor-button-link elementor-size-sm\" href=\"#\">\n\t\t\t\t\t\t<span class=\"elementor-button-content-wrapper\">\n\t\t\t\t\t\t\t\t\t<span class=\"elementor-button-text\">Click here<\/span>\n\t\t\t\t\t<\/span>\n\t\t\t\t\t<\/a>\n\t\t\t\t<\/div>\n\t\t\t\t\t\t\t\t<\/div>\n\t\t\t\t<\/div>\n\t\t\t\t\t<\/div>\n\t\t<\/div>\n\t\t\t\t<div class=\"elementor-column elementor-col-33 elementor-top-column elementor-element elementor-element-3e7409a\" data-id=\"3e7409a\" data-element_type=\"column\" data-e-type=\"column\">\n\t\t\t<div class=\"elementor-widget-wrap elementor-element-populated\">\n\t\t\t\t\t\t<div class=\"elementor-element elementor-element-4461f13 elementor-widget elementor-widget-image\" data-id=\"4461f13\" data-element_type=\"widget\" data-e-type=\"widget\" data-widget_type=\"image.default\">\n\t\t\t\t<div class=\"elementor-widget-container\">\n\t\t\t\t\t\t\t\t\t\t\t\t\t\t\t<img decoding=\"async\" src=\"https:\/\/mbrmx.com\/wp-content\/plugins\/elementor\/assets\/images\/placeholder.png\" title=\"\" alt=\"\" loading=\"lazy\" \/>\t\t\t\t\t\t\t\t\t\t\t\t\t\t\t<\/div>\n\t\t\t\t<\/div>\n\t\t\t\t<div class=\"elementor-element elementor-element-d343b87 elementor-align-center elementor-widget elementor-widget-button\" data-id=\"d343b87\" data-element_type=\"widget\" data-e-type=\"widget\" data-widget_type=\"button.default\">\n\t\t\t\t<div class=\"elementor-widget-container\">\n\t\t\t\t\t\t\t\t\t<div class=\"elementor-button-wrapper\">\n\t\t\t\t\t<a class=\"elementor-button elementor-button-link elementor-size-sm\" href=\"#\">\n\t\t\t\t\t\t<span class=\"elementor-button-content-wrapper\">\n\t\t\t\t\t\t\t\t\t<span class=\"elementor-button-text\">Click here<\/span>\n\t\t\t\t\t<\/span>\n\t\t\t\t\t<\/a>\n\t\t\t\t<\/div>\n\t\t\t\t\t\t\t\t<\/div>\n\t\t\t\t<\/div>\n\t\t\t\t\t<\/div>\n\t\t<\/div>\n\t\t\t\t\t<\/div>\n\t\t<\/section>\n\t\t\t\t<section class=\"elementor-section elementor-top-section elementor-element elementor-element-9f6d683 elementor-section-boxed elementor-section-height-default elementor-section-height-default\" data-id=\"9f6d683\" data-element_type=\"section\" data-e-type=\"section\">\n\t\t\t\t\t\t<div class=\"elementor-container elementor-column-gap-default\">\n\t\t\t\t\t<div class=\"elementor-column elementor-col-100 elementor-top-column elementor-element elementor-element-2c11fb0\" data-id=\"2c11fb0\" data-element_type=\"column\" data-e-type=\"column\">\n\t\t\t<div class=\"elementor-widget-wrap elementor-element-populated\">\n\t\t\t\t\t\t<div class=\"elementor-element elementor-element-aad2bcb elementor-widget elementor-widget-heading\" data-id=\"aad2bcb\" data-element_type=\"widget\" data-e-type=\"widget\" data-widget_type=\"heading.default\">\n\t\t\t\t<div class=\"elementor-widget-container\">\n\t\t\t\t\t<h2 class=\"elementor-heading-title elementor-size-default\">Condiciones comerciales<\/h2>\t\t\t\t<\/div>\n\t\t\t\t<\/div>\n\t\t\t\t\t<\/div>\n\t\t<\/div>\n\t\t\t\t\t<\/div>\n\t\t<\/section>\n\t\t\t\t<section class=\"elementor-section elementor-top-section elementor-element elementor-element-ada02c6 elementor-section-boxed elementor-section-height-default elementor-section-height-default\" data-id=\"ada02c6\" data-element_type=\"section\" data-e-type=\"section\">\n\t\t\t\t\t\t<div class=\"elementor-container elementor-column-gap-default\">\n\t\t\t\t\t<div class=\"elementor-column elementor-col-100 elementor-top-column elementor-element elementor-element-ad48275\" data-id=\"ad48275\" data-element_type=\"column\" data-e-type=\"column\">\n\t\t\t<div class=\"elementor-widget-wrap elementor-element-populated\">\n\t\t\t\t\t\t<div class=\"elementor-element elementor-element-aa1c8d2 elementor-widget elementor-widget-text-editor\" data-id=\"aa1c8d2\" data-element_type=\"widget\" data-e-type=\"widget\" data-widget_type=\"text-editor.default\">\n\t\t\t\t<div class=\"elementor-widget-container\">\n\t\t\t\t\t\t\t\t\t<p>tiempo de fabricaci\u00f3n:\u00a0 3 meses aproximadamente\u00a0<\/p>\t\t\t\t\t\t\t\t<\/div>\n\t\t\t\t<\/div>\n\t\t\t\t\t<\/div>\n\t\t<\/div>\n\t\t\t\t\t<\/div>\n\t\t<\/section>\n\t\t\t\t<section class=\"elementor-section elementor-top-section elementor-element elementor-element-7acf620 elementor-section-boxed elementor-section-height-default elementor-section-height-default\" data-id=\"7acf620\" data-element_type=\"section\" data-e-type=\"section\">\n\t\t\t\t\t\t<div class=\"elementor-container elementor-column-gap-default\">\n\t\t\t\t\t<div class=\"elementor-column elementor-col-100 elementor-top-column elementor-element elementor-element-693ef18\" data-id=\"693ef18\" data-element_type=\"column\" data-e-type=\"column\">\n\t\t\t<div class=\"elementor-widget-wrap elementor-element-populated\">\n\t\t\t\t\t\t<div class=\"elementor-element elementor-element-53e05ac elementor-widget elementor-widget-text-editor\" data-id=\"53e05ac\" data-element_type=\"widget\" data-e-type=\"widget\" data-widget_type=\"text-editor.default\">\n\t\t\t\t<div class=\"elementor-widget-container\">\n\t\t\t\t\t\t\t\t\t<p>condiciones de pago: 60 % de anticipo y saldo del 40% contra aviso de embarque a nuestro almac\u00e9n\u00a0<\/p>\t\t\t\t\t\t\t\t<\/div>\n\t\t\t\t<\/div>\n\t\t\t\t<div class=\"elementor-element elementor-element-8c87606 elementor-widget elementor-widget-text-editor\" data-id=\"8c87606\" data-element_type=\"widget\" data-e-type=\"widget\" data-widget_type=\"text-editor.default\">\n\t\t\t\t<div class=\"elementor-widget-container\">\n\t\t\t\t\t\t\t\t\t<p>almac\u00e9n de entrega: sin costo en M\u00e9rida Yucat\u00e1n;<\/p><p>entregas nacionales: con costo adicional mediante fletera seleccionada previo acuerdo entre el vendedor y el comprador\u00a0<\/p>\t\t\t\t\t\t\t\t<\/div>\n\t\t\t\t<\/div>\n\t\t\t\t\t<\/div>\n\t\t<\/div>\n\t\t\t\t\t<\/div>\n\t\t<\/section>\n\t\t\t\t<section class=\"elementor-section elementor-top-section elementor-element elementor-element-2598ddd elementor-section-boxed elementor-section-height-default elementor-section-height-default\" data-id=\"2598ddd\" data-element_type=\"section\" data-e-type=\"section\">\n\t\t\t\t\t\t<div class=\"elementor-container elementor-column-gap-default\">\n\t\t\t\t\t<div class=\"elementor-column elementor-col-100 elementor-top-column elementor-element elementor-element-b691d07\" data-id=\"b691d07\" data-element_type=\"column\" data-e-type=\"column\">\n\t\t\t<div class=\"elementor-widget-wrap elementor-element-populated\">\n\t\t\t\t\t\t<div class=\"elementor-element elementor-element-ae260e4 elementor-align-center elementor-widget elementor-widget-button\" data-id=\"ae260e4\" data-element_type=\"widget\" data-e-type=\"widget\" data-widget_type=\"button.default\">\n\t\t\t\t<div class=\"elementor-widget-container\">\n\t\t\t\t\t\t\t\t\t<div class=\"elementor-button-wrapper\">\n\t\t\t\t\t<a class=\"elementor-button elementor-button-link elementor-size-sm\" href=\"https:\/\/mbrmx.com\/?page_id=136\">\n\t\t\t\t\t\t<span class=\"elementor-button-content-wrapper\">\n\t\t\t\t\t\t\t\t\t<span class=\"elementor-button-text\">mas informacion<\/span>\n\t\t\t\t\t<\/span>\n\t\t\t\t\t<\/a>\n\t\t\t\t<\/div>\n\t\t\t\t\t\t\t\t<\/div>\n\t\t\t\t<\/div>\n\t\t\t\t\t<\/div>\n\t\t<\/div>\n\t\t\t\t\t<\/div>\n\t\t<\/section>\n\t\t\t\t<\/div>\n\t\t","protected":false},"excerpt":{"rendered":"<p>Cribado https:\/\/www.youtube.com\/watch?v=XHOmBV4js_E El cliente es muy importante, el cliente ser\u00e1 seguido por el cliente. Como la tierra de la tierra, el luto ni el corporal de la tierra, la almohada del le\u00f3n. Click here Click here Click here Condiciones comerciales tiempo de fabricaci\u00f3n:\u00a0 3 meses aproximadamente\u00a0 condiciones de pago: 60 % de anticipo y saldo &#8230; <a title=\"Cribado\" class=\"read-more\" href=\"https:\/\/mbrmx.com\/?page_id=2146\" aria-label=\"Read more about Cribado\">Read more<\/a><\/p>\n","protected":false},"author":1,"featured_media":0,"parent":0,"menu_order":0,"comment_status":"closed","ping_status":"closed","template":"","meta":{"footnotes":""},"class_list":["post-2146","page","type-page","status-publish"],"yoast_head":"<!-- This site is optimized with the Yoast SEO plugin v27.5 - https:\/\/yoast.com\/product\/yoast-seo-wordpress\/ -->\n<title>Cribado - MBRmx<\/title>\n<meta name=\"robots\" content=\"index, follow, max-snippet:-1, max-image-preview:large, max-video-preview:-1\" \/>\n<link rel=\"canonical\" href=\"https:\/\/mbrmx.com\/?page_id=2146\" \/>\n<meta property=\"og:locale\" content=\"en_US\" \/>\n<meta property=\"og:type\" content=\"article\" \/>\n<meta property=\"og:title\" content=\"Cribado - MBRmx\" \/>\n<meta property=\"og:description\" content=\"Cribado https:\/\/www.youtube.com\/watch?v=XHOmBV4js_E El cliente es muy importante, el cliente ser\u00e1 seguido por el cliente. Como la tierra de la tierra, el luto ni el corporal de la tierra, la almohada del le\u00f3n. Click here Click here Click here Condiciones comerciales tiempo de fabricaci\u00f3n:\u00a0 3 meses aproximadamente\u00a0 condiciones de pago: 60 % de anticipo y saldo ... Read more\" \/>\n<meta property=\"og:url\" content=\"https:\/\/mbrmx.com\/?page_id=2146\" \/>\n<meta property=\"og:site_name\" content=\"MBRmx\" \/>\n<meta property=\"article:modified_time\" content=\"2025-01-03T03:11:58+00:00\" \/>\n<meta property=\"og:image\" content=\"https:\/\/mbrmx.com\/wp-content\/plugins\/elementor\/assets\/images\/placeholder.png\" \/>\n<meta name=\"twitter:card\" content=\"summary_large_image\" \/>\n<meta name=\"twitter:label1\" content=\"Est. reading time\" \/>\n\t<meta name=\"twitter:data1\" content=\"1 minute\" \/>\n<script type=\"application\/ld+json\" class=\"yoast-schema-graph\">{\"@context\":\"https:\\\/\\\/schema.org\",\"@graph\":[{\"@type\":\"WebPage\",\"@id\":\"https:\\\/\\\/mbrmx.com\\\/?page_id=2146\",\"url\":\"https:\\\/\\\/mbrmx.com\\\/?page_id=2146\",\"name\":\"Cribado - MBRmx\",\"isPartOf\":{\"@id\":\"https:\\\/\\\/mbrmx.com\\\/#website\"},\"primaryImageOfPage\":{\"@id\":\"https:\\\/\\\/mbrmx.com\\\/?page_id=2146#primaryimage\"},\"image\":{\"@id\":\"https:\\\/\\\/mbrmx.com\\\/?page_id=2146#primaryimage\"},\"thumbnailUrl\":\"https:\\\/\\\/mbrmx.com\\\/wp-content\\\/plugins\\\/elementor\\\/assets\\\/images\\\/placeholder.png\",\"datePublished\":\"2024-12-18T18:00:48+00:00\",\"dateModified\":\"2025-01-03T03:11:58+00:00\",\"breadcrumb\":{\"@id\":\"https:\\\/\\\/mbrmx.com\\\/?page_id=2146#breadcrumb\"},\"inLanguage\":\"en-US\",\"potentialAction\":[{\"@type\":\"ReadAction\",\"target\":[\"https:\\\/\\\/mbrmx.com\\\/?page_id=2146\"]}]},{\"@type\":\"ImageObject\",\"inLanguage\":\"en-US\",\"@id\":\"https:\\\/\\\/mbrmx.com\\\/?page_id=2146#primaryimage\",\"url\":\"https:\\\/\\\/mbrmx.com\\\/wp-content\\\/plugins\\\/elementor\\\/assets\\\/images\\\/placeholder.png\",\"contentUrl\":\"https:\\\/\\\/mbrmx.com\\\/wp-content\\\/plugins\\\/elementor\\\/assets\\\/images\\\/placeholder.png\"},{\"@type\":\"BreadcrumbList\",\"@id\":\"https:\\\/\\\/mbrmx.com\\\/?page_id=2146#breadcrumb\",\"itemListElement\":[{\"@type\":\"ListItem\",\"position\":1,\"name\":\"Portada\",\"item\":\"https:\\\/\\\/mbrmx.com\\\/\"},{\"@type\":\"ListItem\",\"position\":2,\"name\":\"Cribado\"}]},{\"@type\":\"WebSite\",\"@id\":\"https:\\\/\\\/mbrmx.com\\\/#website\",\"url\":\"https:\\\/\\\/mbrmx.com\\\/\",\"name\":\"MBRmx\",\"description\":\"Reactores prefabricados - Tratamiento de aguas residuales\",\"publisher\":{\"@id\":\"https:\\\/\\\/mbrmx.com\\\/#organization\"},\"potentialAction\":[{\"@type\":\"SearchAction\",\"target\":{\"@type\":\"EntryPoint\",\"urlTemplate\":\"https:\\\/\\\/mbrmx.com\\\/?s={search_term_string}\"},\"query-input\":{\"@type\":\"PropertyValueSpecification\",\"valueRequired\":true,\"valueName\":\"search_term_string\"}}],\"inLanguage\":\"en-US\"},{\"@type\":\"Organization\",\"@id\":\"https:\\\/\\\/mbrmx.com\\\/#organization\",\"name\":\"MBRmx\",\"url\":\"https:\\\/\\\/mbrmx.com\\\/\",\"logo\":{\"@type\":\"ImageObject\",\"inLanguage\":\"en-US\",\"@id\":\"https:\\\/\\\/mbrmx.com\\\/#\\\/schema\\\/logo\\\/image\\\/\",\"url\":\"https:\\\/\\\/mbrmx.com\\\/wp-content\\\/uploads\\\/2021\\\/11\\\/MBR-MX_Mesa-de-trabajo-1.png\",\"contentUrl\":\"https:\\\/\\\/mbrmx.com\\\/wp-content\\\/uploads\\\/2021\\\/11\\\/MBR-MX_Mesa-de-trabajo-1.png\",\"width\":3300,\"height\":1014,\"caption\":\"MBRmx\"},\"image\":{\"@id\":\"https:\\\/\\\/mbrmx.com\\\/#\\\/schema\\\/logo\\\/image\\\/\"}}]}<\/script>\n<!-- \/ Yoast SEO plugin. -->","yoast_head_json":{"title":"Cribado - MBRmx","robots":{"index":"index","follow":"follow","max-snippet":"max-snippet:-1","max-image-preview":"max-image-preview:large","max-video-preview":"max-video-preview:-1"},"canonical":"https:\/\/mbrmx.com\/?page_id=2146","og_locale":"en_US","og_type":"article","og_title":"Cribado - MBRmx","og_description":"Cribado https:\/\/www.youtube.com\/watch?v=XHOmBV4js_E El cliente es muy importante, el cliente ser\u00e1 seguido por el cliente. Como la tierra de la tierra, el luto ni el corporal de la tierra, la almohada del le\u00f3n. Click here Click here Click here Condiciones comerciales tiempo de fabricaci\u00f3n:\u00a0 3 meses aproximadamente\u00a0 condiciones de pago: 60 % de anticipo y saldo ... Read more","og_url":"https:\/\/mbrmx.com\/?page_id=2146","og_site_name":"MBRmx","article_modified_time":"2025-01-03T03:11:58+00:00","og_image":[{"url":"https:\/\/mbrmx.com\/wp-content\/plugins\/elementor\/assets\/images\/placeholder.png","type":"","width":"","height":""}],"twitter_card":"summary_large_image","twitter_misc":{"Est. reading time":"1 minute"},"schema":{"@context":"https:\/\/schema.org","@graph":[{"@type":"WebPage","@id":"https:\/\/mbrmx.com\/?page_id=2146","url":"https:\/\/mbrmx.com\/?page_id=2146","name":"Cribado - MBRmx","isPartOf":{"@id":"https:\/\/mbrmx.com\/#website"},"primaryImageOfPage":{"@id":"https:\/\/mbrmx.com\/?page_id=2146#primaryimage"},"image":{"@id":"https:\/\/mbrmx.com\/?page_id=2146#primaryimage"},"thumbnailUrl":"https:\/\/mbrmx.com\/wp-content\/plugins\/elementor\/assets\/images\/placeholder.png","datePublished":"2024-12-18T18:00:48+00:00","dateModified":"2025-01-03T03:11:58+00:00","breadcrumb":{"@id":"https:\/\/mbrmx.com\/?page_id=2146#breadcrumb"},"inLanguage":"en-US","potentialAction":[{"@type":"ReadAction","target":["https:\/\/mbrmx.com\/?page_id=2146"]}]},{"@type":"ImageObject","inLanguage":"en-US","@id":"https:\/\/mbrmx.com\/?page_id=2146#primaryimage","url":"https:\/\/mbrmx.com\/wp-content\/plugins\/elementor\/assets\/images\/placeholder.png","contentUrl":"https:\/\/mbrmx.com\/wp-content\/plugins\/elementor\/assets\/images\/placeholder.png"},{"@type":"BreadcrumbList","@id":"https:\/\/mbrmx.com\/?page_id=2146#breadcrumb","itemListElement":[{"@type":"ListItem","position":1,"name":"Portada","item":"https:\/\/mbrmx.com\/"},{"@type":"ListItem","position":2,"name":"Cribado"}]},{"@type":"WebSite","@id":"https:\/\/mbrmx.com\/#website","url":"https:\/\/mbrmx.com\/","name":"MBRmx","description":"Reactores prefabricados - Tratamiento de aguas residuales","publisher":{"@id":"https:\/\/mbrmx.com\/#organization"},"potentialAction":[{"@type":"SearchAction","target":{"@type":"EntryPoint","urlTemplate":"https:\/\/mbrmx.com\/?s={search_term_string}"},"query-input":{"@type":"PropertyValueSpecification","valueRequired":true,"valueName":"search_term_string"}}],"inLanguage":"en-US"},{"@type":"Organization","@id":"https:\/\/mbrmx.com\/#organization","name":"MBRmx","url":"https:\/\/mbrmx.com\/","logo":{"@type":"ImageObject","inLanguage":"en-US","@id":"https:\/\/mbrmx.com\/#\/schema\/logo\/image\/","url":"https:\/\/mbrmx.com\/wp-content\/uploads\/2021\/11\/MBR-MX_Mesa-de-trabajo-1.png","contentUrl":"https:\/\/mbrmx.com\/wp-content\/uploads\/2021\/11\/MBR-MX_Mesa-de-trabajo-1.png","width":3300,"height":1014,"caption":"MBRmx"},"image":{"@id":"https:\/\/mbrmx.com\/#\/schema\/logo\/image\/"}}]}},"_links":{"self":[{"href":"https:\/\/mbrmx.com\/index.php?rest_route=\/wp\/v2\/pages\/2146","targetHints":{"allow":["GET"]}}],"collection":[{"href":"https:\/\/mbrmx.com\/index.php?rest_route=\/wp\/v2\/pages"}],"about":[{"href":"https:\/\/mbrmx.com\/index.php?rest_route=\/wp\/v2\/types\/page"}],"author":[{"embeddable":true,"href":"https:\/\/mbrmx.com\/index.php?rest_route=\/wp\/v2\/users\/1"}],"replies":[{"embeddable":true,"href":"https:\/\/mbrmx.com\/index.php?rest_route=%2Fwp%2Fv2%2Fcomments&post=2146"}],"version-history":[{"count":10,"href":"https:\/\/mbrmx.com\/index.php?rest_route=\/wp\/v2\/pages\/2146\/revisions"}],"predecessor-version":[{"id":2471,"href":"https:\/\/mbrmx.com\/index.php?rest_route=\/wp\/v2\/pages\/2146\/revisions\/2471"}],"wp:attachment":[{"href":"https:\/\/mbrmx.com\/index.php?rest_route=%2Fwp%2Fv2%2Fmedia&parent=2146"}],"curies":[{"name":"wp","href":"https:\/\/api.w.org\/{rel}","templated":true}]}}